{"id":78,"date":"2016-07-08T14:58:55","date_gmt":"2016-07-08T14:58:55","guid":{"rendered":"http:\/\/bridge45.qodeinteractive.com\/?page_id=78"},"modified":"2019-07-11T15:28:05","modified_gmt":"2019-07-11T13:28:05","slug":"contact-us","status":"publish","type":"page","link":"https:\/\/havsurfboards.com\/shop\/contact-us\/","title":{"rendered":"Contacto"},"content":{"rendered":"<div class=\"wpb-content-wrapper\"><p>[vc_row css_animation=\u00bb\u00bb row_type=\u00bbrow\u00bb use_row_as_full_screen_section=\u00bbno\u00bb type=\u00bbgrid\u00bb angled_section=\u00bbno\u00bb text_align=\u00bbleft\u00bb background_image_as_pattern=\u00bbwithout_pattern\u00bb css=\u00bb.vc_custom_1468225413838{padding-top: 93px !important;padding-bottom: 85px !important;}\u00bb][vc_column offset=\u00bbvc_col-lg-6 vc_col-md-6&#8243;][vc_empty_space height=\u00bb7px\u00bb]<div class='google_map_shortcode_holder' style='height:527px;'><div class='qode_google_map' style='height:527px;' id='map_canvas_22884' data-addresses='[\"Christian d. IV&#039;s Bryghus 1219 K\u00f8benhavn K, Denmark\"]' data-custom-map-style='false' data-color-overlay='#393939' data-saturation='-100' data-lightness='-60' data-zoom='16' data-pin='https:\/\/havsurfboards.com\/shop\/wp-content\/uploads\/2016\/07\/pin.png' data-unique-id='22884' data-google-maps-scroll-wheel='false' data-snazzy-map-style='no' data-map-height='527'><\/div><div class='google_map_shortcode_overlay'><\/div><\/div>[vc_empty_space height=\u00bb65px\u00bb][\/vc_column][vc_column offset=\u00bbvc_col-lg-5 vc_col-md-5&#8243;][vc_column_text]<\/p>\n<h4>Env\u00edanos un mensaje<\/h4>\n<p>[\/vc_column_text][vc_separator type=\u00bbsmall\u00bb position=\u00bbleft\u00bb up=\u00bb14&#8243; down=\u00bb18&#8243;][vc_column_text]Contacta con nosotros para cualquier duda o aclaraci\u00f3n, situaci\u00f3n de tu pedido, disponibilidad de art\u00edculos, etc..[\/vc_column_text][vc_empty_space height=\u00bb43px\u00bb]\n<div class=\"wpcf7 no-js\" id=\"wpcf7-f77-o1\" lang=\"en-US\" dir=\"ltr\" data-wpcf7-id=\"77\">\n<div class=\"screen-reader-response\"><p role=\"status\" aria-live=\"polite\" aria-atomic=\"true\"><\/p> <ul><\/ul><\/div>\n<form action=\"\/shop\/wp-json\/wp\/v2\/pages\/78#wpcf7-f77-o1\" method=\"post\" class=\"wpcf7-form init cf7_custom_style_1\" aria-label=\"Contact form\" novalidate=\"novalidate\" data-status=\"init\">\n<fieldset class=\"hidden-fields-container\"><input type=\"hidden\" name=\"_wpcf7\" value=\"77\" \/><input type=\"hidden\" name=\"_wpcf7_version\" value=\"6.1.5\" \/><input type=\"hidden\" name=\"_wpcf7_locale\" value=\"en_US\" \/><input type=\"hidden\" name=\"_wpcf7_unit_tag\" value=\"wpcf7-f77-o1\" \/><input type=\"hidden\" name=\"_wpcf7_container_post\" value=\"0\" \/><input type=\"hidden\" name=\"_wpcf7_posted_data_hash\" value=\"\" \/>\n<\/fieldset>\n<p><span class=\"wpcf7-form-control-wrap\" data-name=\"full-name\"><input size=\"40\" maxlength=\"400\" class=\"wpcf7-form-control wpcf7-text\" aria-invalid=\"false\" placeholder=\"Tu nombre\" value=\"\" type=\"text\" name=\"full-name\" \/><\/span>\n<\/p>\n<p><span class=\"wpcf7-form-control-wrap\" data-name=\"email\"><input size=\"40\" maxlength=\"400\" class=\"wpcf7-form-control wpcf7-email wpcf7-text wpcf7-validates-as-email\" aria-invalid=\"false\" placeholder=\"Tu E-mail\" value=\"\" type=\"email\" name=\"email\" \/><\/span>\n<\/p>\n<p><span class=\"wpcf7-form-control-wrap\" data-name=\"message\"><textarea cols=\"40\" rows=\"10\" maxlength=\"2000\" class=\"wpcf7-form-control wpcf7-textarea\" aria-invalid=\"false\" placeholder=\"Escribe tu mensaje\" name=\"message\"><\/textarea><\/span>\n<\/p>\n<p><input class=\"wpcf7-form-control wpcf7-submit has-spinner\" type=\"submit\" value=\"Enviar\" \/>\n<\/p><div class=\"wpcf7-response-output\" aria-hidden=\"true\"><\/div>\n<\/form>\n<\/div>\n[vc_empty_space height=\u00bb65px\u00bb][\/vc_column][\/vc_row]<\/p>\n<\/div>","protected":false},"excerpt":{"rendered":"<p>[vc_row css_animation=\u00bb\u00bb row_type=\u00bbrow\u00bb use_row_as_full_screen_section=\u00bbno\u00bb type=\u00bbgrid\u00bb angled_section=\u00bbno\u00bb text_align=\u00bbleft\u00bb background_image_as_pattern=\u00bbwithout_pattern\u00bb css=\u00bb.vc_custom_1468225413838{padding-top: 93px !important;padding-bottom: 85px !important;}\u00bb][vc_column offset=\u00bbvc_col-lg-6 vc_col-md-6&#8243;][vc_empty_space height=\u00bb7px\u00bb][vc_empty_space height=\u00bb65px\u00bb][\/vc_column][vc_column offset=\u00bbvc_col-lg-5 vc_col-md-5&#8243;][vc_column_text] Env\u00edanos un mensaje [\/vc_column_text][vc_separator type=\u00bbsmall\u00bb position=\u00bbleft\u00bb up=\u00bb14&#8243; down=\u00bb18&#8243;][vc_column_text]Contacta con nosotros para cualquier duda o aclaraci\u00f3n, situaci\u00f3n de tu pedido, disponibilidad de art\u00edculos, etc..[\/vc_column_text][vc_empty_space height=\u00bb43px\u00bb][vc_empty_space height=\u00bb65px\u00bb][\/vc_column][\/vc_row]<\/p>\n","protected":false},"author":1,"featured_media":0,"parent":0,"menu_order":0,"comment_status":"closed","ping_status":"closed","template":"full_width.php","meta":{"footnotes":""},"class_list":["post-78","page","type-page","status-publish","hentry"],"_links":{"self":[{"href":"https:\/\/havsurfboards.com\/shop\/wp-json\/wp\/v2\/pages\/78","targetHints":{"allow":["GET"]}}],"collection":[{"href":"https:\/\/havsurfboards.com\/shop\/wp-json\/wp\/v2\/pages"}],"about":[{"href":"https:\/\/havsurfboards.com\/shop\/wp-json\/wp\/v2\/types\/page"}],"author":[{"embeddable":true,"href":"https:\/\/havsurfboards.com\/shop\/wp-json\/wp\/v2\/users\/1"}],"replies":[{"embeddable":true,"href":"https:\/\/havsurfboards.com\/shop\/wp-json\/wp\/v2\/comments?post=78"}],"version-history":[{"count":3,"href":"https:\/\/havsurfboards.com\/shop\/wp-json\/wp\/v2\/pages\/78\/revisions"}],"predecessor-version":[{"id":231,"href":"https:\/\/havsurfboards.com\/shop\/wp-json\/wp\/v2\/pages\/78\/revisions\/231"}],"wp:attachment":[{"href":"https:\/\/havsurfboards.com\/shop\/wp-json\/wp\/v2\/media?parent=78"}],"curies":[{"name":"wp","href":"https:\/\/api.w.org\/{rel}","templated":true}]}}